{"id":1092,"date":"2025-03-11T19:54:12","date_gmt":"2025-03-11T17:54:12","guid":{"rendered":"https:\/\/dev.agiairini-villas.com\/posizione-e-contatti\/"},"modified":"2026-04-29T11:15:13","modified_gmt":"2026-04-29T08:15:13","slug":"posizione-e-contatti","status":"publish","type":"page","link":"https:\/\/www.paros-villas.com\/it\/posizione-e-contatti\/","title":{"rendered":"Posizione e Contatti"},"content":{"rendered":"<div  class='av_gmaps_sc_main_wrap av_gmaps_main_wrap '><div class='avia-google-map-container avia-google-map-sc av_gmaps_show_page_only '  style='height: 500px; background-image:url(https:\/\/www.paros-villas.com\/wp-content\/uploads\/2026\/04\/location-map-agia-irini-villas.jpg);'><a class=\"av_gmaps_browser_disabled av_text_confirm_link av_text_confirm_link_visible\" href=\"https:\/\/www.google.com\/maps\/search\/?api=1&#038;query=37.051722,25.108611\" target=\"_blank\">Le mappe sono state disabilitate dal visitatore di questo sito. Clicca per aprire la mappa in una nuova finestra.<\/a><a class=\"av_gmaps_page_only av_text_confirm_link\" href=\"https:\/\/www.google.com\/maps\/search\/?api=1&#038;query=37.051722,25.108611\" target=\"_blank\"><span>Find Directions<\/span><\/a><\/div><\/div>\n<div id='av_section_1'  class='avia-section av-m84sr55h-7737c4d2415f9dcadd5da2e9442d9802 main_color avia-section-small avia-no-border-styling  avia-builder-el-1  el_after_av_google_map  el_before_av_hr  avia-bg-style-scroll container_wrap fullsize'  ><div class='container av-section-cont-open' ><div class='template-page content  av-content-full alpha units'><div class='post-entry post-entry-type-page post-entry-1092'><div class='entry-content-wrapper clearfix'>\n<div  class='flex_column av-14lxxd-91e196574a386a05777625dfaf33cce1 av_two_fifth  avia-builder-el-2  el_before_av_three_fifth  avia-builder-el-first  first flex_column_div  '     ><section  class='av_textblock_section av-m8617dou-4255a4eb8bb57d408c9a9ddeb6ecda10 '   itemscope=\"itemscope\" itemtype=\"https:\/\/schema.org\/CreativeWork\" ><div class='avia_textblock'  itemprop=\"text\" ><p>Contattate il sig. Kostas Akalestos per ricevere informazioni riguardo alle ville Agia Irini. Durante il vostro soggiorno sar\u00e0 felice di potere rispondere alle vostre richieste e di venire incontro alle vostre esigenze.<\/p>\n<p><strong>Tel.:<\/strong> <a href=\"tel:+302284024404\">+30 22840 24404<\/a><br \/>\n<strong>Cell:<\/strong> <a href=\"http:\/\/+306944126166\" data-wplink-url-error=\"true\">+30 6944 126 166<\/a><br \/>\n<strong><a href=\"https:\/\/wa.me\/+306944126166\">WhatsApp<\/a><\/strong><br \/>\n<strong><a href=\"mailto:%70a&#114;i%6b%69&#097;.%74&#111;%75%72&#115;%40%70a%72o%73we%62&#046;c&#111;&#109;\">Email<\/a><\/strong><br \/>\n<a href=\"https:\/\/maps.app.goo.gl\/uceqoSsPJwgrY7J78\" target=\"_blank\" rel=\"noopener\"><strong>Indirizzo<\/strong>: Agia Irini, 84400 ParikiaParos, Cicladi, Grecia<\/a><\/p>\n<\/div><\/section><\/div><div  class='flex_column av-xkpex-b6059cd740c613fa80b1e74f03ce9704 av_three_fifth  avia-builder-el-4  el_after_av_two_fifth  avia-builder-el-last  flex_column_div  '     ><form action=\"https:\/\/www.paros-villas.com\/it\/posizione-e-contatti\/\" method=\"post\" data-fields-with-error=\"Sono stati riscontrati errori nei seguenti campi:\" class=\"avia_ajax_form av-form-labels-hidden   avia-builder-el-5  avia-builder-el-no-sibling  av-custom-form-color av-dark-form \" data-avia-form-id=\"1\" data-avia-redirect=''  aria-label='Contact Form' ><h3 class=''>Inviaci una mail<\/h3><fieldset><p class='  first_form  form_element form_fullwidth' id='element_avia_1_1'><label for=\"avia_1_1\">Nome <abbr class=\"required\" title=\"richiesto\">*<\/abbr><\/label> <input name=\"avia_1_1\" class=\"text_input is_empty\" type=\"text\" id=\"avia_1_1\" value=\"\"  placeholder='Nome*'\/><\/p><p class='  first_form  form_element form_fullwidth' id='element_avia_2_1'><label for=\"avia_2_1\">E-Mail <abbr class=\"required\" title=\"richiesto\">*<\/abbr><\/label> <input name=\"avia_2_1\" class=\"text_input is_email\" type=\"text\" id=\"avia_2_1\" value=\"\"  placeholder='E-Mail*'\/><\/p><p class='  first_form  form_element form_fullwidth' id='element_avia_3_1'><label for=\"avia_3_1\">Oggetto <abbr class=\"required\" title=\"richiesto\">*<\/abbr><\/label> <input name=\"avia_3_1\" class=\"text_input is_empty\" type=\"text\" id=\"avia_3_1\" value=\"\"  placeholder='Oggetto*'\/><\/p><p class='  first_form  form_element form_fullwidth' id='element_avia_4_1'><label for=\"avia_4_1\" class=\"textare_label hidden textare_label_avia_4_1\">Messaggio <abbr class=\"required\" title=\"richiesto\">*<\/abbr><\/label><textarea  placeholder='Messaggio*' name=\"avia_4_1\" class=\"text_area is_empty\" cols=\"40\" rows=\"7\" id=\"avia_4_1\" ><\/textarea><\/p><p class=\"hidden\"><input type=\"text\" name=\"avia_5_1\" class=\"hidden \" id=\"avia_5_1\" value=\"\" \/><\/p><div id='avia_6_1' class='av-recaptcha-area  first_form  form_element form_fullwidth '  data-container_class=\"\" data-custom_class=\"\" data-context=\"av_contact_form\" data-token_input=\"av_recaptcha_token\" data-version=\"avia_recaptcha_v3\" data-theme=\"light\" data-size=\"normal\" data-score=\"0.5\" data-text_to_preview=\"\" data-value=\"\"><div class=\"av-google-badge-message hidden\">Questo sito \u00e8 protetto da reCAPTCHA e si applicano i termini di servizio di Google <a href=\"https:\/\/policies.google.com\/privacy\">Privacy Policy<\/a> e <a href=\"https:\/\/policies.google.com\/terms\">Termini di servizio<\/a>.<\/div><\/div><p class=\"form_element \"><input type=\"hidden\" value=\"1\" name=\"avia_generated_form1\" \/><input type=\"submit\" value=\"Invia\" class=\"button\"  data-sending-label=\"Invio\"\/><\/p><\/fieldset><div class=\"avia-disabled-form\">Questo modulo di contatto \u00e8 disattivato perch\u00e9 l&rsquo;utente ha rifiutato di accettare il servizio Google reCaptcha, necessario per convalidare i messaggi inviati dal modulo.<\/div><\/form><div id=\"ajaxresponse_1\" class=\"ajaxresponse ajaxresponse_1 hidden\"><\/div><\/div>\n<\/div><\/div><\/div><!-- close content main div --><\/div><\/div><div id='after_section_1'  class='main_color av_default_container_wrap container_wrap fullsize'  ><div class='container av-section-cont-open' ><div class='template-page content  av-content-full alpha units'><div class='post-entry post-entry-type-page post-entry-1092'><div class='entry-content-wrapper clearfix'>\n\n<style type=\"text\/css\" data-created_by=\"avia_inline_auto\" id=\"style-css-av-m861h5te-d549211438d7b0571232c6ac2231ae4e\">\n#top .hr.av-m861h5te-d549211438d7b0571232c6ac2231ae4e{\nmargin-top:0px;\nmargin-bottom:0px;\n}\n.hr.av-m861h5te-d549211438d7b0571232c6ac2231ae4e .hr-inner{\nwidth:75%;\nborder-color:#adadad;\nmax-width:45%;\n}\n.hr.av-m861h5te-d549211438d7b0571232c6ac2231ae4e .av-seperator-icon{\ncolor:#7bb0e7;\n}\n.hr.av-m861h5te-d549211438d7b0571232c6ac2231ae4e .av-seperator-icon.avia-svg-icon svg:first-child{\nfill:#7bb0e7;\nstroke:#7bb0e7;\n}\n<\/style>\n<div  class='hr av-m861h5te-d549211438d7b0571232c6ac2231ae4e hr-custom  avia-builder-el-6  el_after_av_section  el_before_av_section  avia-builder-el-no-sibling  hr-center hr-icon-yes'><span class='hr-inner inner-border-av-border-fat'><span class=\"hr-inner-style\"><\/span><\/span><span class='av-seperator-icon avia-svg-icon avia-font-svg_entypo-fontello' data-av_svg_icon='air' data-av_iconset='svg_entypo-fontello'><svg version=\"1.1\" xmlns=\"http:\/\/www.w3.org\/2000\/svg\" width=\"29\" height=\"32\" viewBox=\"0 0 29 32\" preserveAspectRatio=\"xMidYMid meet\" aria-labelledby='av-svg-title-1' aria-describedby='av-svg-desc-1' role=\"graphics-symbol\">\n<title id='av-svg-title-1'>Air<\/title>\n<desc id='av-svg-desc-1'>Air<\/desc>\n<path d=\"M2.72 10.112q-0.512 0.448-1.152 0.384t-1.088-0.576q-0.448-0.448-0.384-1.152t0.576-1.152q1.536-1.28 2.528-1.92t2.848-1.28 4.128-0.128 5.088 2.112 4.96 1.696 3.2-0.512 2.848-2.144q1.216-0.96 2.24 0.192 1.024 1.28-0.192 2.304-3.904 3.52-7.488 3.52-3.2 0-7.104-2.24-2.176-1.216-3.808-1.664t-2.976 0-2.080 0.928-2.144 1.632zM26.272 13.632q1.216-1.024 2.24 0.192 1.024 1.28-0.192 2.304-1.28 1.088-2.080 1.696t-2.304 1.216-3.104 0.608q-3.072 0-7.104-2.24-2.176-1.216-3.808-1.664t-2.976 0-2.080 0.928-2.144 1.632q-0.448 0.448-1.12 0.384t-1.12-0.576q-1.024-1.28 0.192-2.304 1.216-1.088 1.92-1.6t2.208-1.216 2.816-0.736 3.36 0.48 4.288 1.792q2.176 1.216 3.808 1.664t2.976 0 2.080-0.928 2.144-1.632zM26.272 21.824q1.216-1.024 2.24 0.192 0.448 0.448 0.384 1.152t-0.576 1.152q-1.28 1.088-2.080 1.696t-2.304 1.216-3.104 0.608q-3.072 0-7.104-2.24-2.176-1.216-3.808-1.664t-2.976-0.032-2.112 0.928-2.112 1.664q-0.448 0.448-1.12 0.384t-1.12-0.576q-1.024-1.28 0.192-2.304 1.216-1.088 1.92-1.6t2.208-1.216 2.816-0.736 3.36 0.48 4.288 1.792q2.176 1.216 3.808 1.664t2.976 0 2.080-0.928 2.144-1.632z\"><\/path>\n<\/svg><\/span><span class='hr-inner inner-border-av-border-fat'><span class=\"hr-inner-style\"><\/span><\/span><\/div>\n<\/div><\/div><\/div><!-- close content main div --><\/div><\/div><div id='av_section_2'  class='avia-section av-1720g9-a2baf22f4b9b2691852a9f35619e45e2 main_color avia-section-small avia-no-border-styling  avia-builder-el-7  el_after_av_hr  avia-builder-el-last  avia-bg-style-scroll container_wrap fullsize'  ><div class='container av-section-cont-open' ><div class='template-page content  av-content-full alpha units'><div class='post-entry post-entry-type-page post-entry-1092'><div class='entry-content-wrapper clearfix'>\n<div  class='flex_column av-1dhxl-83a3854e75981bd1d3567b34d5d4bc4b av_two_fifth  avia-builder-el-8  el_before_av_three_fifth  avia-builder-el-first  first flex_column_div  '     ><section  class='av_textblock_section av-m84szuva-987a77851d4301072525cc0be0f0254b '   itemscope=\"itemscope\" itemtype=\"https:\/\/schema.org\/CreativeWork\" ><div class='avia_textblock'  itemprop=\"text\" ><h3>L&#8217;eleganza in riva al mare&#8230;<\/h3>\n<p>Le ville Agia Irini sono case vacanze in affitto per un soggiorno all\u2019insegna del comfort e dell\u2019 eleganza, nell\u2019 isola di Paros. Sono delle villette indipendenti, situate in una lussureggiante oasi verde, in una posizione privilegiata. Si affacciano sulla baia di Agia Irini, sulla costa occidentale dell&#8217;isola di Paros.<\/p>\n<p>Le villette si trovano in una propriet\u00e0 privata molto tranquilla, a soli 5,5 km dalla capitale dell&#8217;isola, Parikia, dove \u00e8 possibile trovare dei negozi, dei bar e dei ristoranti, nonch\u00e9 una vita notturna vivace. Inoltre, sono a breve distanza dalle spiagge di <a href=\"https:\/\/www.paros-villas.com\/it\/spiagge-vicine\/spiaggia-di-parasporos\/\">Parasporos<\/a>, <a href=\"https:\/\/www.paros-villas.com\/it\/spiagge-vicine\/spiaggia-di-souvlia\/\">Souvlia <\/a>e Pounda.<\/p>\n<\/div><\/section><\/div><div  class='flex_column av-7a0e9-176c70b873a48168671f21d85902a4d4 av_three_fifth  avia-builder-el-10  el_after_av_two_fifth  avia-builder-el-last  flex_column_div  '     ><style type=\"text\/css\" data-created_by=\"avia_inline_auto\" id=\"style-css-av-mojrxjun-027ad68dab939fa505d8243cd8380006\">\n.avia-image-container.av-mojrxjun-027ad68dab939fa505d8243cd8380006 img.avia_image{\nbox-shadow:none;\n}\n.avia-image-container.av-mojrxjun-027ad68dab939fa505d8243cd8380006 .av-image-caption-overlay-center{\ncolor:#ffffff;\n}\n<\/style>\n<div  class='avia-image-container av-mojrxjun-027ad68dab939fa505d8243cd8380006 av-styling- avia-align-center  avia-builder-el-11  avia-builder-el-no-sibling '   itemprop=\"image\" itemscope=\"itemscope\" itemtype=\"https:\/\/schema.org\/ImageObject\" ><div class=\"avia-image-container-inner\"><div class=\"avia-image-overlay-wrap\"><img decoding=\"async\" fetchpriority=\"high\" class='wp-image-595 avia-img-lazy-loading-not-595 avia_image ' src=\"https:\/\/www.paros-villas.com\/wp-content\/uploads\/2025\/03\/paros-agia-irini-villas-1-1210x423.jpg\" alt='Paros Villas with secluded beach' title='Una spiaggia appartata raggiungibile tramite un sentiero privato'  height=\"423\" width=\"1210\"  itemprop=\"thumbnailUrl\"  \/><\/div><\/div><\/div><\/div>\n","protected":false},"excerpt":{"rendered":"","protected":false},"author":1,"featured_media":563,"parent":0,"menu_order":0,"comment_status":"closed","ping_status":"closed","template":"","meta":{"footnotes":""},"class_list":["post-1092","page","type-page","status-publish","has-post-thumbnail","hentry"],"yoast_head":"<!-- This site is optimized with the Yoast SEO plugin v27.5 - https:\/\/yoast.com\/product\/yoast-seo-wordpress\/ -->\n<title>Posizione e Contatti - Paros Villas Agia Irini<\/title>\n<meta name=\"description\" content=\"Mappa e contatti di Agia Irini Villas sull&#039;isola di Paros\" \/>\n<meta name=\"robots\" content=\"index, follow, max-snippet:-1, max-image-preview:large, max-video-preview:-1\" \/>\n<link rel=\"canonical\" href=\"https:\/\/www.paros-villas.com\/it\/posizione-e-contatti\/\" \/>\n<meta property=\"og:locale\" content=\"it_IT\" \/>\n<meta property=\"og:type\" content=\"article\" \/>\n<meta property=\"og:title\" content=\"Posizione e Contatti - Paros Villas Agia Irini\" \/>\n<meta property=\"og:description\" content=\"Mappa e contatti di Agia Irini Villas sull&#039;isola di Paros\" \/>\n<meta property=\"og:url\" content=\"https:\/\/www.paros-villas.com\/it\/posizione-e-contatti\/\" \/>\n<meta property=\"og:site_name\" content=\"Paros Villas Agia Irini\" \/>\n<meta property=\"article:modified_time\" content=\"2026-04-29T08:15:13+00:00\" \/>\n<meta property=\"og:image\" content=\"https:\/\/www.paros-villas.com\/wp-content\/uploads\/2025\/03\/paros-agia-irini-villas-61.jpg\" \/>\n\t<meta property=\"og:image:width\" content=\"1900\" \/>\n\t<meta property=\"og:image:height\" content=\"1262\" \/>\n\t<meta property=\"og:image:type\" content=\"image\/jpeg\" \/>\n<meta name=\"twitter:card\" content=\"summary_large_image\" \/>\n<meta name=\"twitter:label1\" content=\"Tempo di lettura stimato\" \/>\n\t<meta name=\"twitter:data1\" content=\"18 minuti\" \/>\n<script type=\"application\/ld+json\" class=\"yoast-schema-graph\">{\"@context\":\"https:\\\/\\\/schema.org\",\"@graph\":[{\"@type\":\"WebPage\",\"@id\":\"https:\\\/\\\/www.paros-villas.com\\\/it\\\/posizione-e-contatti\\\/\",\"url\":\"https:\\\/\\\/www.paros-villas.com\\\/it\\\/posizione-e-contatti\\\/\",\"name\":\"Posizione e Contatti - Paros Villas Agia Irini\",\"isPartOf\":{\"@id\":\"https:\\\/\\\/www.paros-villas.com\\\/it\\\/#website\"},\"primaryImageOfPage\":{\"@id\":\"https:\\\/\\\/www.paros-villas.com\\\/it\\\/posizione-e-contatti\\\/#primaryimage\"},\"image\":{\"@id\":\"https:\\\/\\\/www.paros-villas.com\\\/it\\\/posizione-e-contatti\\\/#primaryimage\"},\"thumbnailUrl\":\"https:\\\/\\\/www.paros-villas.com\\\/wp-content\\\/uploads\\\/2025\\\/03\\\/paros-agia-irini-villas-61.jpg\",\"datePublished\":\"2025-03-11T17:54:12+00:00\",\"dateModified\":\"2026-04-29T08:15:13+00:00\",\"description\":\"Mappa e contatti di Agia Irini Villas sull'isola di Paros\",\"breadcrumb\":{\"@id\":\"https:\\\/\\\/www.paros-villas.com\\\/it\\\/posizione-e-contatti\\\/#breadcrumb\"},\"inLanguage\":\"it-IT\",\"potentialAction\":[{\"@type\":\"ReadAction\",\"target\":[\"https:\\\/\\\/www.paros-villas.com\\\/it\\\/posizione-e-contatti\\\/\"]}]},{\"@type\":\"ImageObject\",\"inLanguage\":\"it-IT\",\"@id\":\"https:\\\/\\\/www.paros-villas.com\\\/it\\\/posizione-e-contatti\\\/#primaryimage\",\"url\":\"https:\\\/\\\/www.paros-villas.com\\\/wp-content\\\/uploads\\\/2025\\\/03\\\/paros-agia-irini-villas-61.jpg\",\"contentUrl\":\"https:\\\/\\\/www.paros-villas.com\\\/wp-content\\\/uploads\\\/2025\\\/03\\\/paros-agia-irini-villas-61.jpg\",\"width\":1900,\"height\":1262,\"caption\":\"Giardini della Villa Paros proprio sul mare\"},{\"@type\":\"BreadcrumbList\",\"@id\":\"https:\\\/\\\/www.paros-villas.com\\\/it\\\/posizione-e-contatti\\\/#breadcrumb\",\"itemListElement\":[{\"@type\":\"ListItem\",\"position\":1,\"name\":\"Home\",\"item\":\"https:\\\/\\\/www.paros-villas.com\\\/it\\\/home\\\/\"},{\"@type\":\"ListItem\",\"position\":2,\"name\":\"Posizione e Contatti\"}]},{\"@type\":\"WebSite\",\"@id\":\"https:\\\/\\\/www.paros-villas.com\\\/it\\\/#website\",\"url\":\"https:\\\/\\\/www.paros-villas.com\\\/it\\\/\",\"name\":\"Paros Villas Agia Irini\",\"description\":\"Private detached classic Cycladic-styled houses rental\",\"publisher\":{\"@id\":\"https:\\\/\\\/www.paros-villas.com\\\/it\\\/#organization\"},\"potentialAction\":[{\"@type\":\"SearchAction\",\"target\":{\"@type\":\"EntryPoint\",\"urlTemplate\":\"https:\\\/\\\/www.paros-villas.com\\\/it\\\/?s={search_term_string}\"},\"query-input\":{\"@type\":\"PropertyValueSpecification\",\"valueRequired\":true,\"valueName\":\"search_term_string\"}}],\"inLanguage\":\"it-IT\"},{\"@type\":\"Organization\",\"@id\":\"https:\\\/\\\/www.paros-villas.com\\\/it\\\/#organization\",\"name\":\"Paros Villas Agia Irini\",\"url\":\"https:\\\/\\\/www.paros-villas.com\\\/it\\\/\",\"logo\":{\"@type\":\"ImageObject\",\"inLanguage\":\"it-IT\",\"@id\":\"https:\\\/\\\/www.paros-villas.com\\\/it\\\/#\\\/schema\\\/logo\\\/image\\\/\",\"url\":\"https:\\\/\\\/dev.agiairini-villas.com\\\/wp-content\\\/uploads\\\/2025\\\/02\\\/logo.png\",\"contentUrl\":\"https:\\\/\\\/dev.agiairini-villas.com\\\/wp-content\\\/uploads\\\/2025\\\/02\\\/logo.png\",\"width\":252,\"height\":105,\"caption\":\"Paros Villas Agia Irini\"},\"image\":{\"@id\":\"https:\\\/\\\/www.paros-villas.com\\\/it\\\/#\\\/schema\\\/logo\\\/image\\\/\"}}]}<\/script>\n<!-- \/ Yoast SEO plugin. -->","yoast_head_json":{"title":"Posizione e Contatti - Paros Villas Agia Irini","description":"Mappa e contatti di Agia Irini Villas sull'isola di Paros","robots":{"index":"index","follow":"follow","max-snippet":"max-snippet:-1","max-image-preview":"max-image-preview:large","max-video-preview":"max-video-preview:-1"},"canonical":"https:\/\/www.paros-villas.com\/it\/posizione-e-contatti\/","og_locale":"it_IT","og_type":"article","og_title":"Posizione e Contatti - Paros Villas Agia Irini","og_description":"Mappa e contatti di Agia Irini Villas sull'isola di Paros","og_url":"https:\/\/www.paros-villas.com\/it\/posizione-e-contatti\/","og_site_name":"Paros Villas Agia Irini","article_modified_time":"2026-04-29T08:15:13+00:00","og_image":[{"width":1900,"height":1262,"url":"https:\/\/www.paros-villas.com\/wp-content\/uploads\/2025\/03\/paros-agia-irini-villas-61.jpg","type":"image\/jpeg"}],"twitter_card":"summary_large_image","twitter_misc":{"Tempo di lettura stimato":"18 minuti"},"schema":{"@context":"https:\/\/schema.org","@graph":[{"@type":"WebPage","@id":"https:\/\/www.paros-villas.com\/it\/posizione-e-contatti\/","url":"https:\/\/www.paros-villas.com\/it\/posizione-e-contatti\/","name":"Posizione e Contatti - Paros Villas Agia Irini","isPartOf":{"@id":"https:\/\/www.paros-villas.com\/it\/#website"},"primaryImageOfPage":{"@id":"https:\/\/www.paros-villas.com\/it\/posizione-e-contatti\/#primaryimage"},"image":{"@id":"https:\/\/www.paros-villas.com\/it\/posizione-e-contatti\/#primaryimage"},"thumbnailUrl":"https:\/\/www.paros-villas.com\/wp-content\/uploads\/2025\/03\/paros-agia-irini-villas-61.jpg","datePublished":"2025-03-11T17:54:12+00:00","dateModified":"2026-04-29T08:15:13+00:00","description":"Mappa e contatti di Agia Irini Villas sull'isola di Paros","breadcrumb":{"@id":"https:\/\/www.paros-villas.com\/it\/posizione-e-contatti\/#breadcrumb"},"inLanguage":"it-IT","potentialAction":[{"@type":"ReadAction","target":["https:\/\/www.paros-villas.com\/it\/posizione-e-contatti\/"]}]},{"@type":"ImageObject","inLanguage":"it-IT","@id":"https:\/\/www.paros-villas.com\/it\/posizione-e-contatti\/#primaryimage","url":"https:\/\/www.paros-villas.com\/wp-content\/uploads\/2025\/03\/paros-agia-irini-villas-61.jpg","contentUrl":"https:\/\/www.paros-villas.com\/wp-content\/uploads\/2025\/03\/paros-agia-irini-villas-61.jpg","width":1900,"height":1262,"caption":"Giardini della Villa Paros proprio sul mare"},{"@type":"BreadcrumbList","@id":"https:\/\/www.paros-villas.com\/it\/posizione-e-contatti\/#breadcrumb","itemListElement":[{"@type":"ListItem","position":1,"name":"Home","item":"https:\/\/www.paros-villas.com\/it\/home\/"},{"@type":"ListItem","position":2,"name":"Posizione e Contatti"}]},{"@type":"WebSite","@id":"https:\/\/www.paros-villas.com\/it\/#website","url":"https:\/\/www.paros-villas.com\/it\/","name":"Paros Villas Agia Irini","description":"Private detached classic Cycladic-styled houses rental","publisher":{"@id":"https:\/\/www.paros-villas.com\/it\/#organization"},"potentialAction":[{"@type":"SearchAction","target":{"@type":"EntryPoint","urlTemplate":"https:\/\/www.paros-villas.com\/it\/?s={search_term_string}"},"query-input":{"@type":"PropertyValueSpecification","valueRequired":true,"valueName":"search_term_string"}}],"inLanguage":"it-IT"},{"@type":"Organization","@id":"https:\/\/www.paros-villas.com\/it\/#organization","name":"Paros Villas Agia Irini","url":"https:\/\/www.paros-villas.com\/it\/","logo":{"@type":"ImageObject","inLanguage":"it-IT","@id":"https:\/\/www.paros-villas.com\/it\/#\/schema\/logo\/image\/","url":"https:\/\/dev.agiairini-villas.com\/wp-content\/uploads\/2025\/02\/logo.png","contentUrl":"https:\/\/dev.agiairini-villas.com\/wp-content\/uploads\/2025\/02\/logo.png","width":252,"height":105,"caption":"Paros Villas Agia Irini"},"image":{"@id":"https:\/\/www.paros-villas.com\/it\/#\/schema\/logo\/image\/"}}]}},"_links":{"self":[{"href":"https:\/\/www.paros-villas.com\/it\/wp-json\/wp\/v2\/pages\/1092","targetHints":{"allow":["GET"]}}],"collection":[{"href":"https:\/\/www.paros-villas.com\/it\/wp-json\/wp\/v2\/pages"}],"about":[{"href":"https:\/\/www.paros-villas.com\/it\/wp-json\/wp\/v2\/types\/page"}],"author":[{"embeddable":true,"href":"https:\/\/www.paros-villas.com\/it\/wp-json\/wp\/v2\/users\/1"}],"replies":[{"embeddable":true,"href":"https:\/\/www.paros-villas.com\/it\/wp-json\/wp\/v2\/comments?post=1092"}],"version-history":[{"count":19,"href":"https:\/\/www.paros-villas.com\/it\/wp-json\/wp\/v2\/pages\/1092\/revisions"}],"predecessor-version":[{"id":1664,"href":"https:\/\/www.paros-villas.com\/it\/wp-json\/wp\/v2\/pages\/1092\/revisions\/1664"}],"wp:featuredmedia":[{"embeddable":true,"href":"https:\/\/www.paros-villas.com\/it\/wp-json\/wp\/v2\/media\/563"}],"wp:attachment":[{"href":"https:\/\/www.paros-villas.com\/it\/wp-json\/wp\/v2\/media?parent=1092"}],"curies":[{"name":"wp","href":"https:\/\/api.w.org\/{rel}","templated":true}]}}